{"id":274,"date":"2022-06-18T06:11:13","date_gmt":"2022-06-18T04:11:13","guid":{"rendered":"https:\/\/emailroot.com\/?post_type=product&#038;p=274"},"modified":"2022-07-15T06:22:06","modified_gmt":"2022-07-15T04:22:06","slug":"livraison-express-du-smtp-moins-de-20-minutes","status":"publish","type":"product","link":"https:\/\/emailroot.com\/ar\/product\/livraison-express-du-smtp-moins-de-20-minutes\/","title":{"rendered":"\u0627\u0644\u062a\u0633\u0644\u064a\u0645 \u0627\u0644\u0633\u0631\u064a\u0639 \u0641\u064a \u0623\u0642\u0644 \u0645\u0646 15 \u062f\u0642\u064a\u0642\u0629"},"content":{"rendered":"","protected":false},"excerpt":{"rendered":"<p>Service 24h\/24 &#8211; 7 jours\/7<br \/>\nLa livraison de votre serveur est mise en priorit\u00e9 pour une livraison en moins de 15 minutes. Plusieurs techniciens s&rsquo;occupent de la mise en place, configuration et tests.<br \/> (\u0648\u0642\u062a \u0627\u0644\u0625\u0639\u062f\u0627\u062f \u0627\u0644\u0639\u0627\u062f\u064a: +\/- 90 \u062f\u0642\u064a\u0642\u0629)<\/p>","protected":false},"featured_media":279,"comment_status":"open","ping_status":"closed","template":"","meta":[],"product_cat":[17,23],"product_tag":[],"class_list":["post-274","product","type-product","status-publish","has-post-thumbnail","hentry","product_cat-non-classe","product_cat-option-smtp","product_shipping_class-mise-en-service-gratuit"],"yoast_head":"<!-- This site is optimized with the Yoast SEO plugin v19.1 - https:\/\/yoast.com\/wordpress\/plugins\/seo\/ -->\n<title>Livraison EXPRESS en moins de 15 minutes - eMailRoot<\/title>\n<meta name=\"robots\" content=\"index, follow, max-snippet:-1, max-image-preview:large, max-video-preview:-1\" \/>\n<link rel=\"canonical\" href=\"https:\/\/emailroot.com\/ar\/product\/livraison-express-du-smtp-moins-de-20-minutes\/\" \/>\n<meta property=\"og:locale\" content=\"ar_AR\" \/>\n<meta property=\"og:type\" content=\"article\" \/>\n<meta property=\"og:title\" content=\"Livraison EXPRESS en moins de 15 minutes - eMailRoot\" \/>\n<meta property=\"og:description\" content=\"Service 24h\/24 - 7 jours\/7 La livraison de votre serveur est mise en priorit\u00e9 pour une livraison en moins de 15 minutes. Plusieurs techniciens s&#039;occupent de la mise en place, configuration et tests. (Temps normal de mise en place : +\/- 90 minutes)\" \/>\n<meta property=\"og:url\" content=\"https:\/\/emailroot.com\/ar\/product\/livraison-express-du-smtp-moins-de-20-minutes\/\" \/>\n<meta property=\"og:site_name\" content=\"eMailRoot\" \/>\n<meta property=\"article:publisher\" content=\"https:\/\/www.facebook.com\/emailroot\" \/>\n<meta property=\"article:modified_time\" content=\"2022-07-15T04:22:06+00:00\" \/>\n<meta property=\"og:image\" content=\"https:\/\/emailroot.com\/wp-content\/uploads\/2022\/06\/express.png\" \/>\n\t<meta property=\"og:image:width\" content=\"223\" \/>\n\t<meta property=\"og:image:height\" content=\"226\" \/>\n\t<meta property=\"og:image:type\" content=\"image\/png\" \/>\n<meta name=\"twitter:card\" content=\"summary_large_image\" \/>\n<script type=\"application\/ld+json\" class=\"yoast-schema-graph\">{\"@context\":\"https:\/\/schema.org\",\"@graph\":[{\"@type\":\"Organization\",\"@id\":\"https:\/\/emailroot.com\/#organization\",\"name\":\"Emailroot\",\"url\":\"https:\/\/emailroot.com\/\",\"sameAs\":[\"https:\/\/www.instagram.com\/emailrootcom\/\",\"https:\/\/www.facebook.com\/emailroot\"],\"logo\":{\"@type\":\"ImageObject\",\"inLanguage\":\"ar\",\"@id\":\"https:\/\/emailroot.com\/#\/schema\/logo\/image\/\",\"url\":\"https:\/\/emailroot.com\/wp-content\/uploads\/2022\/06\/logo-1.png\",\"contentUrl\":\"https:\/\/emailroot.com\/wp-content\/uploads\/2022\/06\/logo-1.png\",\"width\":185,\"height\":28,\"caption\":\"Emailroot\"},\"image\":{\"@id\":\"https:\/\/emailroot.com\/#\/schema\/logo\/image\/\"}},{\"@type\":\"WebSite\",\"@id\":\"https:\/\/emailroot.com\/#website\",\"url\":\"https:\/\/emailroot.com\/\",\"name\":\"eMailRoot\",\"description\":\"Serveur SMTP d\u00e9di\u00e9 illimit\u00e9\",\"publisher\":{\"@id\":\"https:\/\/emailroot.com\/#organization\"},\"potentialAction\":[{\"@type\":\"SearchAction\",\"target\":{\"@type\":\"EntryPoint\",\"urlTemplate\":\"https:\/\/emailroot.com\/?s={search_term_string}\"},\"query-input\":\"required name=search_term_string\"}],\"inLanguage\":\"ar\"},{\"@type\":\"ImageObject\",\"inLanguage\":\"ar\",\"@id\":\"https:\/\/emailroot.com\/produit\/livraison-express-du-smtp-moins-de-20-minutes\/#primaryimage\",\"url\":\"https:\/\/emailroot.com\/wp-content\/uploads\/2022\/06\/express.png\",\"contentUrl\":\"https:\/\/emailroot.com\/wp-content\/uploads\/2022\/06\/express.png\",\"width\":223,\"height\":226},{\"@type\":\"WebPage\",\"@id\":\"https:\/\/emailroot.com\/produit\/livraison-express-du-smtp-moins-de-20-minutes\/#webpage\",\"url\":\"https:\/\/emailroot.com\/produit\/livraison-express-du-smtp-moins-de-20-minutes\/\",\"name\":\"Livraison EXPRESS en moins de 15 minutes - eMailRoot\",\"isPartOf\":{\"@id\":\"https:\/\/emailroot.com\/#website\"},\"primaryImageOfPage\":{\"@id\":\"https:\/\/emailroot.com\/produit\/livraison-express-du-smtp-moins-de-20-minutes\/#primaryimage\"},\"datePublished\":\"2022-06-18T04:11:13+00:00\",\"dateModified\":\"2022-07-15T04:22:06+00:00\",\"breadcrumb\":{\"@id\":\"https:\/\/emailroot.com\/produit\/livraison-express-du-smtp-moins-de-20-minutes\/#breadcrumb\"},\"inLanguage\":\"ar\",\"potentialAction\":[{\"@type\":\"ReadAction\",\"target\":[\"https:\/\/emailroot.com\/produit\/livraison-express-du-smtp-moins-de-20-minutes\/\"]}]},{\"@type\":\"BreadcrumbList\",\"@id\":\"https:\/\/emailroot.com\/produit\/livraison-express-du-smtp-moins-de-20-minutes\/#breadcrumb\",\"itemListElement\":[{\"@type\":\"ListItem\",\"position\":1,\"name\":\"Accueil\",\"item\":\"https:\/\/emailroot.com\/\"},{\"@type\":\"ListItem\",\"position\":2,\"name\":\"Boutique\",\"item\":\"https:\/\/emailroot.com\/boutique\/\"},{\"@type\":\"ListItem\",\"position\":3,\"name\":\"Livraison EXPRESS en moins de 15 minutes\"}]}]}<\/script>\n<!-- \/ Yoast SEO plugin. -->","yoast_head_json":{"title":"Livraison EXPRESS en moins de 15 minutes - eMailRoot","robots":{"index":"index","follow":"follow","max-snippet":"max-snippet:-1","max-image-preview":"max-image-preview:large","max-video-preview":"max-video-preview:-1"},"canonical":"https:\/\/emailroot.com\/ar\/product\/livraison-express-du-smtp-moins-de-20-minutes\/","og_locale":"ar_AR","og_type":"article","og_title":"Livraison EXPRESS en moins de 15 minutes - eMailRoot","og_description":"Service 24h\/24 - 7 jours\/7 La livraison de votre serveur est mise en priorit\u00e9 pour une livraison en moins de 15 minutes. Plusieurs techniciens s'occupent de la mise en place, configuration et tests. (Temps normal de mise en place : +\/- 90 minutes)","og_url":"https:\/\/emailroot.com\/ar\/product\/livraison-express-du-smtp-moins-de-20-minutes\/","og_site_name":"eMailRoot","article_publisher":"https:\/\/www.facebook.com\/emailroot","article_modified_time":"2022-07-15T04:22:06+00:00","og_image":[{"width":223,"height":226,"url":"https:\/\/emailroot.com\/wp-content\/uploads\/2022\/06\/express.png","type":"image\/png"}],"twitter_card":"summary_large_image","schema":{"@context":"https:\/\/schema.org","@graph":[{"@type":"Organization","@id":"https:\/\/emailroot.com\/#organization","name":"Emailroot","url":"https:\/\/emailroot.com\/","sameAs":["https:\/\/www.instagram.com\/emailrootcom\/","https:\/\/www.facebook.com\/emailroot"],"logo":{"@type":"ImageObject","inLanguage":"ar","@id":"https:\/\/emailroot.com\/#\/schema\/logo\/image\/","url":"https:\/\/emailroot.com\/wp-content\/uploads\/2022\/06\/logo-1.png","contentUrl":"https:\/\/emailroot.com\/wp-content\/uploads\/2022\/06\/logo-1.png","width":185,"height":28,"caption":"Emailroot"},"image":{"@id":"https:\/\/emailroot.com\/#\/schema\/logo\/image\/"}},{"@type":"WebSite","@id":"https:\/\/emailroot.com\/#website","url":"https:\/\/emailroot.com\/","name":"eMailRoot","description":"Serveur SMTP d\u00e9di\u00e9 illimit\u00e9","publisher":{"@id":"https:\/\/emailroot.com\/#organization"},"potentialAction":[{"@type":"SearchAction","target":{"@type":"EntryPoint","urlTemplate":"https:\/\/emailroot.com\/?s={search_term_string}"},"query-input":"required name=search_term_string"}],"inLanguage":"ar"},{"@type":"ImageObject","inLanguage":"ar","@id":"https:\/\/emailroot.com\/produit\/livraison-express-du-smtp-moins-de-20-minutes\/#primaryimage","url":"https:\/\/emailroot.com\/wp-content\/uploads\/2022\/06\/express.png","contentUrl":"https:\/\/emailroot.com\/wp-content\/uploads\/2022\/06\/express.png","width":223,"height":226},{"@type":"WebPage","@id":"https:\/\/emailroot.com\/produit\/livraison-express-du-smtp-moins-de-20-minutes\/#webpage","url":"https:\/\/emailroot.com\/produit\/livraison-express-du-smtp-moins-de-20-minutes\/","name":"Livraison EXPRESS en moins de 15 minutes - eMailRoot","isPartOf":{"@id":"https:\/\/emailroot.com\/#website"},"primaryImageOfPage":{"@id":"https:\/\/emailroot.com\/produit\/livraison-express-du-smtp-moins-de-20-minutes\/#primaryimage"},"datePublished":"2022-06-18T04:11:13+00:00","dateModified":"2022-07-15T04:22:06+00:00","breadcrumb":{"@id":"https:\/\/emailroot.com\/produit\/livraison-express-du-smtp-moins-de-20-minutes\/#breadcrumb"},"inLanguage":"ar","potentialAction":[{"@type":"ReadAction","target":["https:\/\/emailroot.com\/produit\/livraison-express-du-smtp-moins-de-20-minutes\/"]}]},{"@type":"BreadcrumbList","@id":"https:\/\/emailroot.com\/produit\/livraison-express-du-smtp-moins-de-20-minutes\/#breadcrumb","itemListElement":[{"@type":"ListItem","position":1,"name":"Accueil","item":"https:\/\/emailroot.com\/"},{"@type":"ListItem","position":2,"name":"Boutique","item":"https:\/\/emailroot.com\/boutique\/"},{"@type":"ListItem","position":3,"name":"Livraison EXPRESS en moins de 15 minutes"}]}]}},"_links":{"self":[{"href":"https:\/\/emailroot.com\/ar\/wp-json\/wp\/v2\/product\/274","targetHints":{"allow":["GET"]}}],"collection":[{"href":"https:\/\/emailroot.com\/ar\/wp-json\/wp\/v2\/product"}],"about":[{"href":"https:\/\/emailroot.com\/ar\/wp-json\/wp\/v2\/types\/product"}],"replies":[{"embeddable":true,"href":"https:\/\/emailroot.com\/ar\/wp-json\/wp\/v2\/comments?post=274"}],"wp:featuredmedia":[{"embeddable":true,"href":"https:\/\/emailroot.com\/ar\/wp-json\/wp\/v2\/media\/279"}],"wp:attachment":[{"href":"https:\/\/emailroot.com\/ar\/wp-json\/wp\/v2\/media?parent=274"}],"wp:term":[{"taxonomy":"product_cat","embeddable":true,"href":"https:\/\/emailroot.com\/ar\/wp-json\/wp\/v2\/product_cat?post=274"},{"taxonomy":"product_tag","embeddable":true,"href":"https:\/\/emailroot.com\/ar\/wp-json\/wp\/v2\/product_tag?post=274"}],"curies":[{"name":"wp","href":"https:\/\/api.w.org\/{rel}","templated":true}]}}