{"id":176,"date":"2022-05-30T19:43:29","date_gmt":"2022-05-30T18:43:29","guid":{"rendered":"https:\/\/emailroot.com\/?post_type=product&#038;p=176"},"modified":"2022-07-15T06:22:07","modified_gmt":"2022-07-15T04:22:07","slug":"nom-du-serveur-personnalise-dns-personnalise","status":"publish","type":"product","link":"https:\/\/emailroot.com\/en\/product\/nom-du-serveur-personnalise-dns-personnalise\/","title":{"rendered":"Server name and custom DNS"},"content":{"rendered":"","protected":false},"excerpt":{"rendered":"<p>What&#039;s the point ?<br \/>\n<br \/>\nAllows you to customize the name displayed to log in.<br \/>\n<br \/>\nPar d\u00e9faut le nom de l&rsquo;h\u00f4te et le nom d&rsquo;utilisation ressemble \u00e0 \u00e7a : SMTP-DEDIE-xxxx.<em>emailroot.com<\/em><br \/>\n<br \/>\nWith this option, you can have the name of your company or brand example: SMTP.<em>your_name.com<\/em><br \/>\n<br \/>\nC&rsquo;est plus simple pour vous et encore plus professionnel !<br \/>\n<i>(The price to pay is a one-time fee, to be paid once)<\/i><\/p>","protected":false},"featured_media":180,"comment_status":"open","ping_status":"closed","template":"","meta":[],"product_cat":[17,23],"product_tag":[],"class_list":["post-176","product","type-product","status-publish","has-post-thumbnail","hentry","product_cat-non-classe","product_cat-option-smtp","product_shipping_class-mise-en-service-gratuit"],"yoast_head":"<!-- This site is optimized with the Yoast SEO plugin v19.1 - https:\/\/yoast.com\/wordpress\/plugins\/seo\/ -->\n<title>Nom du serveur et DNS personnalis\u00e9 - eMailRoot<\/title>\n<meta name=\"robots\" content=\"index, follow, max-snippet:-1, max-image-preview:large, max-video-preview:-1\" \/>\n<link rel=\"canonical\" href=\"https:\/\/emailroot.com\/en\/product\/nom-du-serveur-personnalise-dns-personnalise\/\" \/>\n<meta property=\"og:locale\" content=\"en_GB\" \/>\n<meta property=\"og:type\" content=\"article\" \/>\n<meta property=\"og:title\" content=\"Nom du serveur et DNS personnalis\u00e9 - eMailRoot\" \/>\n<meta property=\"og:description\" content=\"A quoi \u00e7a sert ?  Permet de personnaliser le nom affich\u00e9 pour se connecter.  Par d\u00e9faut le nom de l&#039;h\u00f4te et le nom d&#039;utilisation ressemble \u00e0 \u00e7a : SMTP-DEDIE-xxxx.emailroot.com  Avec cette option, vous pouvez avoir le nom de votre soci\u00e9t\u00e9 ou marque exemple : smtp.votre_nom.com  C&#039;est plus simple pour vous et encore plus professionnel ! (Le prix \u00e0 payer est un frais unique, \u00e0 payer une fois)\" \/>\n<meta property=\"og:url\" content=\"https:\/\/emailroot.com\/en\/product\/nom-du-serveur-personnalise-dns-personnalise\/\" \/>\n<meta property=\"og:site_name\" content=\"eMailRoot\" \/>\n<meta property=\"article:publisher\" content=\"https:\/\/www.facebook.com\/emailroot\" \/>\n<meta property=\"article:modified_time\" content=\"2022-07-15T04:22:07+00:00\" \/>\n<meta property=\"og:image\" content=\"https:\/\/emailroot.com\/wp-content\/uploads\/2022\/05\/dns.png\" \/>\n\t<meta property=\"og:image:width\" content=\"316\" \/>\n\t<meta property=\"og:image:height\" content=\"116\" \/>\n\t<meta property=\"og:image:type\" content=\"image\/png\" \/>\n<meta name=\"twitter:card\" content=\"summary_large_image\" \/>\n<script type=\"application\/ld+json\" class=\"yoast-schema-graph\">{\"@context\":\"https:\/\/schema.org\",\"@graph\":[{\"@type\":\"Organization\",\"@id\":\"https:\/\/emailroot.com\/#organization\",\"name\":\"Emailroot\",\"url\":\"https:\/\/emailroot.com\/\",\"sameAs\":[\"https:\/\/www.instagram.com\/emailrootcom\/\",\"https:\/\/www.facebook.com\/emailroot\"],\"logo\":{\"@type\":\"ImageObject\",\"inLanguage\":\"en-GB\",\"@id\":\"https:\/\/emailroot.com\/#\/schema\/logo\/image\/\",\"url\":\"https:\/\/emailroot.com\/wp-content\/uploads\/2022\/06\/logo-1.png\",\"contentUrl\":\"https:\/\/emailroot.com\/wp-content\/uploads\/2022\/06\/logo-1.png\",\"width\":185,\"height\":28,\"caption\":\"Emailroot\"},\"image\":{\"@id\":\"https:\/\/emailroot.com\/#\/schema\/logo\/image\/\"}},{\"@type\":\"WebSite\",\"@id\":\"https:\/\/emailroot.com\/#website\",\"url\":\"https:\/\/emailroot.com\/\",\"name\":\"eMailRoot\",\"description\":\"Serveur SMTP d\u00e9di\u00e9 illimit\u00e9\",\"publisher\":{\"@id\":\"https:\/\/emailroot.com\/#organization\"},\"potentialAction\":[{\"@type\":\"SearchAction\",\"target\":{\"@type\":\"EntryPoint\",\"urlTemplate\":\"https:\/\/emailroot.com\/?s={search_term_string}\"},\"query-input\":\"required name=search_term_string\"}],\"inLanguage\":\"en-GB\"},{\"@type\":\"ImageObject\",\"inLanguage\":\"en-GB\",\"@id\":\"https:\/\/emailroot.com\/produit\/nom-du-serveur-personnalise-dns-personnalise\/#primaryimage\",\"url\":\"https:\/\/emailroot.com\/wp-content\/uploads\/2022\/05\/dns.png\",\"contentUrl\":\"https:\/\/emailroot.com\/wp-content\/uploads\/2022\/05\/dns.png\",\"width\":316,\"height\":116},{\"@type\":\"WebPage\",\"@id\":\"https:\/\/emailroot.com\/produit\/nom-du-serveur-personnalise-dns-personnalise\/#webpage\",\"url\":\"https:\/\/emailroot.com\/produit\/nom-du-serveur-personnalise-dns-personnalise\/\",\"name\":\"Nom du serveur et DNS personnalis\u00e9 - eMailRoot\",\"isPartOf\":{\"@id\":\"https:\/\/emailroot.com\/#website\"},\"primaryImageOfPage\":{\"@id\":\"https:\/\/emailroot.com\/produit\/nom-du-serveur-personnalise-dns-personnalise\/#primaryimage\"},\"datePublished\":\"2022-05-30T18:43:29+00:00\",\"dateModified\":\"2022-07-15T04:22:07+00:00\",\"breadcrumb\":{\"@id\":\"https:\/\/emailroot.com\/produit\/nom-du-serveur-personnalise-dns-personnalise\/#breadcrumb\"},\"inLanguage\":\"en-GB\",\"potentialAction\":[{\"@type\":\"ReadAction\",\"target\":[\"https:\/\/emailroot.com\/produit\/nom-du-serveur-personnalise-dns-personnalise\/\"]}]},{\"@type\":\"BreadcrumbList\",\"@id\":\"https:\/\/emailroot.com\/produit\/nom-du-serveur-personnalise-dns-personnalise\/#breadcrumb\",\"itemListElement\":[{\"@type\":\"ListItem\",\"position\":1,\"name\":\"Accueil\",\"item\":\"https:\/\/emailroot.com\/\"},{\"@type\":\"ListItem\",\"position\":2,\"name\":\"Boutique\",\"item\":\"https:\/\/emailroot.com\/boutique\/\"},{\"@type\":\"ListItem\",\"position\":3,\"name\":\"Nom du serveur et DNS personnalis\u00e9\"}]}]}<\/script>\n<!-- \/ Yoast SEO plugin. -->","yoast_head_json":{"title":"Nom du serveur et DNS personnalis\u00e9 - eMailRoot","robots":{"index":"index","follow":"follow","max-snippet":"max-snippet:-1","max-image-preview":"max-image-preview:large","max-video-preview":"max-video-preview:-1"},"canonical":"https:\/\/emailroot.com\/en\/product\/nom-du-serveur-personnalise-dns-personnalise\/","og_locale":"en_GB","og_type":"article","og_title":"Nom du serveur et DNS personnalis\u00e9 - eMailRoot","og_description":"A quoi \u00e7a sert ?  Permet de personnaliser le nom affich\u00e9 pour se connecter.  Par d\u00e9faut le nom de l'h\u00f4te et le nom d'utilisation ressemble \u00e0 \u00e7a : SMTP-DEDIE-xxxx.emailroot.com  Avec cette option, vous pouvez avoir le nom de votre soci\u00e9t\u00e9 ou marque exemple : smtp.votre_nom.com  C'est plus simple pour vous et encore plus professionnel ! (Le prix \u00e0 payer est un frais unique, \u00e0 payer une fois)","og_url":"https:\/\/emailroot.com\/en\/product\/nom-du-serveur-personnalise-dns-personnalise\/","og_site_name":"eMailRoot","article_publisher":"https:\/\/www.facebook.com\/emailroot","article_modified_time":"2022-07-15T04:22:07+00:00","og_image":[{"width":316,"height":116,"url":"https:\/\/emailroot.com\/wp-content\/uploads\/2022\/05\/dns.png","type":"image\/png"}],"twitter_card":"summary_large_image","schema":{"@context":"https:\/\/schema.org","@graph":[{"@type":"Organization","@id":"https:\/\/emailroot.com\/#organization","name":"Emailroot","url":"https:\/\/emailroot.com\/","sameAs":["https:\/\/www.instagram.com\/emailrootcom\/","https:\/\/www.facebook.com\/emailroot"],"logo":{"@type":"ImageObject","inLanguage":"en-GB","@id":"https:\/\/emailroot.com\/#\/schema\/logo\/image\/","url":"https:\/\/emailroot.com\/wp-content\/uploads\/2022\/06\/logo-1.png","contentUrl":"https:\/\/emailroot.com\/wp-content\/uploads\/2022\/06\/logo-1.png","width":185,"height":28,"caption":"Emailroot"},"image":{"@id":"https:\/\/emailroot.com\/#\/schema\/logo\/image\/"}},{"@type":"WebSite","@id":"https:\/\/emailroot.com\/#website","url":"https:\/\/emailroot.com\/","name":"eMailRoot","description":"Serveur SMTP d\u00e9di\u00e9 illimit\u00e9","publisher":{"@id":"https:\/\/emailroot.com\/#organization"},"potentialAction":[{"@type":"SearchAction","target":{"@type":"EntryPoint","urlTemplate":"https:\/\/emailroot.com\/?s={search_term_string}"},"query-input":"required name=search_term_string"}],"inLanguage":"en-GB"},{"@type":"ImageObject","inLanguage":"en-GB","@id":"https:\/\/emailroot.com\/produit\/nom-du-serveur-personnalise-dns-personnalise\/#primaryimage","url":"https:\/\/emailroot.com\/wp-content\/uploads\/2022\/05\/dns.png","contentUrl":"https:\/\/emailroot.com\/wp-content\/uploads\/2022\/05\/dns.png","width":316,"height":116},{"@type":"WebPage","@id":"https:\/\/emailroot.com\/produit\/nom-du-serveur-personnalise-dns-personnalise\/#webpage","url":"https:\/\/emailroot.com\/produit\/nom-du-serveur-personnalise-dns-personnalise\/","name":"Nom du serveur et DNS personnalis\u00e9 - eMailRoot","isPartOf":{"@id":"https:\/\/emailroot.com\/#website"},"primaryImageOfPage":{"@id":"https:\/\/emailroot.com\/produit\/nom-du-serveur-personnalise-dns-personnalise\/#primaryimage"},"datePublished":"2022-05-30T18:43:29+00:00","dateModified":"2022-07-15T04:22:07+00:00","breadcrumb":{"@id":"https:\/\/emailroot.com\/produit\/nom-du-serveur-personnalise-dns-personnalise\/#breadcrumb"},"inLanguage":"en-GB","potentialAction":[{"@type":"ReadAction","target":["https:\/\/emailroot.com\/produit\/nom-du-serveur-personnalise-dns-personnalise\/"]}]},{"@type":"BreadcrumbList","@id":"https:\/\/emailroot.com\/produit\/nom-du-serveur-personnalise-dns-personnalise\/#breadcrumb","itemListElement":[{"@type":"ListItem","position":1,"name":"Accueil","item":"https:\/\/emailroot.com\/"},{"@type":"ListItem","position":2,"name":"Boutique","item":"https:\/\/emailroot.com\/boutique\/"},{"@type":"ListItem","position":3,"name":"Nom du serveur et DNS personnalis\u00e9"}]}]}},"_links":{"self":[{"href":"https:\/\/emailroot.com\/en\/wp-json\/wp\/v2\/product\/176","targetHints":{"allow":["GET"]}}],"collection":[{"href":"https:\/\/emailroot.com\/en\/wp-json\/wp\/v2\/product"}],"about":[{"href":"https:\/\/emailroot.com\/en\/wp-json\/wp\/v2\/types\/product"}],"replies":[{"embeddable":true,"href":"https:\/\/emailroot.com\/en\/wp-json\/wp\/v2\/comments?post=176"}],"wp:featuredmedia":[{"embeddable":true,"href":"https:\/\/emailroot.com\/en\/wp-json\/wp\/v2\/media\/180"}],"wp:attachment":[{"href":"https:\/\/emailroot.com\/en\/wp-json\/wp\/v2\/media?parent=176"}],"wp:term":[{"taxonomy":"product_cat","embeddable":true,"href":"https:\/\/emailroot.com\/en\/wp-json\/wp\/v2\/product_cat?post=176"},{"taxonomy":"product_tag","embeddable":true,"href":"https:\/\/emailroot.com\/en\/wp-json\/wp\/v2\/product_tag?post=176"}],"curies":[{"name":"wp","href":"https:\/\/api.w.org\/{rel}","templated":true}]}}