{"id":329,"date":"2022-06-23T14:38:21","date_gmt":"2022-06-23T12:38:21","guid":{"rendered":"https:\/\/emailroot.com\/?post_type=product&#038;p=329"},"modified":"2022-07-15T06:22:06","modified_gmt":"2022-07-15T04:22:06","slug":"lier-20-adresses-ip-dediees-a-ce-serveur","status":"publish","type":"product","link":"https:\/\/emailroot.com\/en\/product\/lier-20-adresses-ip-dediees-a-ce-serveur\/","title":{"rendered":"Bind 20 dedicated IP addresses to this server"},"content":{"rendered":"","protected":false},"excerpt":{"rendered":"<p>Allows rotation of up to 20 different dedicated IP addresses to communicate with your SMTP server.<\/p>","protected":false},"featured_media":0,"comment_status":"open","ping_status":"closed","template":"","meta":[],"product_cat":[17,23],"product_tag":[],"class_list":["post-329","product","type-product","status-publish","hentry","product_cat-non-classe","product_cat-option-smtp","product_shipping_class-mise-en-service-gratuit"],"yoast_head":"<!-- This site is optimized with the Yoast SEO plugin v19.1 - https:\/\/yoast.com\/wordpress\/plugins\/seo\/ -->\n<title>Lier 20 adresses IP d\u00e9di\u00e9es \u00e0 ce serveur - eMailRoot<\/title>\n<meta name=\"robots\" content=\"index, follow, max-snippet:-1, max-image-preview:large, max-video-preview:-1\" \/>\n<link rel=\"canonical\" href=\"https:\/\/emailroot.com\/en\/product\/lier-20-adresses-ip-dediees-a-ce-serveur\/\" \/>\n<meta property=\"og:locale\" content=\"en_GB\" \/>\n<meta property=\"og:type\" content=\"article\" \/>\n<meta property=\"og:title\" content=\"Lier 20 adresses IP d\u00e9di\u00e9es \u00e0 ce serveur - eMailRoot\" \/>\n<meta property=\"og:description\" content=\"Permet une rotation, jusqu&#039;\u00e0 20 adresses IP d\u00e9di\u00e9es diff\u00e9rentes pour communiquer avec votre serveur SMTP.\" \/>\n<meta property=\"og:url\" content=\"https:\/\/emailroot.com\/en\/product\/lier-20-adresses-ip-dediees-a-ce-serveur\/\" \/>\n<meta property=\"og:site_name\" content=\"eMailRoot\" \/>\n<meta property=\"article:publisher\" content=\"https:\/\/www.facebook.com\/emailroot\" \/>\n<meta property=\"article:modified_time\" content=\"2022-07-15T04:22:06+00:00\" \/>\n<meta name=\"twitter:card\" content=\"summary_large_image\" \/>\n<script type=\"application\/ld+json\" class=\"yoast-schema-graph\">{\"@context\":\"https:\/\/schema.org\",\"@graph\":[{\"@type\":\"Organization\",\"@id\":\"https:\/\/emailroot.com\/#organization\",\"name\":\"Emailroot\",\"url\":\"https:\/\/emailroot.com\/\",\"sameAs\":[\"https:\/\/www.instagram.com\/emailrootcom\/\",\"https:\/\/www.facebook.com\/emailroot\"],\"logo\":{\"@type\":\"ImageObject\",\"inLanguage\":\"en-GB\",\"@id\":\"https:\/\/emailroot.com\/#\/schema\/logo\/image\/\",\"url\":\"https:\/\/emailroot.com\/wp-content\/uploads\/2022\/06\/logo-1.png\",\"contentUrl\":\"https:\/\/emailroot.com\/wp-content\/uploads\/2022\/06\/logo-1.png\",\"width\":185,\"height\":28,\"caption\":\"Emailroot\"},\"image\":{\"@id\":\"https:\/\/emailroot.com\/#\/schema\/logo\/image\/\"}},{\"@type\":\"WebSite\",\"@id\":\"https:\/\/emailroot.com\/#website\",\"url\":\"https:\/\/emailroot.com\/\",\"name\":\"eMailRoot\",\"description\":\"Serveur SMTP d\u00e9di\u00e9 illimit\u00e9\",\"publisher\":{\"@id\":\"https:\/\/emailroot.com\/#organization\"},\"potentialAction\":[{\"@type\":\"SearchAction\",\"target\":{\"@type\":\"EntryPoint\",\"urlTemplate\":\"https:\/\/emailroot.com\/?s={search_term_string}\"},\"query-input\":\"required name=search_term_string\"}],\"inLanguage\":\"en-GB\"},{\"@type\":\"WebPage\",\"@id\":\"https:\/\/emailroot.com\/produit\/lier-20-adresses-ip-dediees-a-ce-serveur\/#webpage\",\"url\":\"https:\/\/emailroot.com\/produit\/lier-20-adresses-ip-dediees-a-ce-serveur\/\",\"name\":\"Lier 20 adresses IP d\u00e9di\u00e9es \u00e0 ce serveur - eMailRoot\",\"isPartOf\":{\"@id\":\"https:\/\/emailroot.com\/#website\"},\"datePublished\":\"2022-06-23T12:38:21+00:00\",\"dateModified\":\"2022-07-15T04:22:06+00:00\",\"breadcrumb\":{\"@id\":\"https:\/\/emailroot.com\/produit\/lier-20-adresses-ip-dediees-a-ce-serveur\/#breadcrumb\"},\"inLanguage\":\"en-GB\",\"potentialAction\":[{\"@type\":\"ReadAction\",\"target\":[\"https:\/\/emailroot.com\/produit\/lier-20-adresses-ip-dediees-a-ce-serveur\/\"]}]},{\"@type\":\"BreadcrumbList\",\"@id\":\"https:\/\/emailroot.com\/produit\/lier-20-adresses-ip-dediees-a-ce-serveur\/#breadcrumb\",\"itemListElement\":[{\"@type\":\"ListItem\",\"position\":1,\"name\":\"Accueil\",\"item\":\"https:\/\/emailroot.com\/\"},{\"@type\":\"ListItem\",\"position\":2,\"name\":\"Boutique\",\"item\":\"https:\/\/emailroot.com\/boutique\/\"},{\"@type\":\"ListItem\",\"position\":3,\"name\":\"Lier 20 adresses IP d\u00e9di\u00e9es \u00e0 ce serveur\"}]}]}<\/script>\n<!-- \/ Yoast SEO plugin. -->","yoast_head_json":{"title":"Lier 20 adresses IP d\u00e9di\u00e9es \u00e0 ce serveur - eMailRoot","robots":{"index":"index","follow":"follow","max-snippet":"max-snippet:-1","max-image-preview":"max-image-preview:large","max-video-preview":"max-video-preview:-1"},"canonical":"https:\/\/emailroot.com\/en\/product\/lier-20-adresses-ip-dediees-a-ce-serveur\/","og_locale":"en_GB","og_type":"article","og_title":"Lier 20 adresses IP d\u00e9di\u00e9es \u00e0 ce serveur - eMailRoot","og_description":"Permet une rotation, jusqu'\u00e0 20 adresses IP d\u00e9di\u00e9es diff\u00e9rentes pour communiquer avec votre serveur SMTP.","og_url":"https:\/\/emailroot.com\/en\/product\/lier-20-adresses-ip-dediees-a-ce-serveur\/","og_site_name":"eMailRoot","article_publisher":"https:\/\/www.facebook.com\/emailroot","article_modified_time":"2022-07-15T04:22:06+00:00","twitter_card":"summary_large_image","schema":{"@context":"https:\/\/schema.org","@graph":[{"@type":"Organization","@id":"https:\/\/emailroot.com\/#organization","name":"Emailroot","url":"https:\/\/emailroot.com\/","sameAs":["https:\/\/www.instagram.com\/emailrootcom\/","https:\/\/www.facebook.com\/emailroot"],"logo":{"@type":"ImageObject","inLanguage":"en-GB","@id":"https:\/\/emailroot.com\/#\/schema\/logo\/image\/","url":"https:\/\/emailroot.com\/wp-content\/uploads\/2022\/06\/logo-1.png","contentUrl":"https:\/\/emailroot.com\/wp-content\/uploads\/2022\/06\/logo-1.png","width":185,"height":28,"caption":"Emailroot"},"image":{"@id":"https:\/\/emailroot.com\/#\/schema\/logo\/image\/"}},{"@type":"WebSite","@id":"https:\/\/emailroot.com\/#website","url":"https:\/\/emailroot.com\/","name":"eMailRoot","description":"Serveur SMTP d\u00e9di\u00e9 illimit\u00e9","publisher":{"@id":"https:\/\/emailroot.com\/#organization"},"potentialAction":[{"@type":"SearchAction","target":{"@type":"EntryPoint","urlTemplate":"https:\/\/emailroot.com\/?s={search_term_string}"},"query-input":"required name=search_term_string"}],"inLanguage":"en-GB"},{"@type":"WebPage","@id":"https:\/\/emailroot.com\/produit\/lier-20-adresses-ip-dediees-a-ce-serveur\/#webpage","url":"https:\/\/emailroot.com\/produit\/lier-20-adresses-ip-dediees-a-ce-serveur\/","name":"Lier 20 adresses IP d\u00e9di\u00e9es \u00e0 ce serveur - eMailRoot","isPartOf":{"@id":"https:\/\/emailroot.com\/#website"},"datePublished":"2022-06-23T12:38:21+00:00","dateModified":"2022-07-15T04:22:06+00:00","breadcrumb":{"@id":"https:\/\/emailroot.com\/produit\/lier-20-adresses-ip-dediees-a-ce-serveur\/#breadcrumb"},"inLanguage":"en-GB","potentialAction":[{"@type":"ReadAction","target":["https:\/\/emailroot.com\/produit\/lier-20-adresses-ip-dediees-a-ce-serveur\/"]}]},{"@type":"BreadcrumbList","@id":"https:\/\/emailroot.com\/produit\/lier-20-adresses-ip-dediees-a-ce-serveur\/#breadcrumb","itemListElement":[{"@type":"ListItem","position":1,"name":"Accueil","item":"https:\/\/emailroot.com\/"},{"@type":"ListItem","position":2,"name":"Boutique","item":"https:\/\/emailroot.com\/boutique\/"},{"@type":"ListItem","position":3,"name":"Lier 20 adresses IP d\u00e9di\u00e9es \u00e0 ce serveur"}]}]}},"_links":{"self":[{"href":"https:\/\/emailroot.com\/en\/wp-json\/wp\/v2\/product\/329","targetHints":{"allow":["GET"]}}],"collection":[{"href":"https:\/\/emailroot.com\/en\/wp-json\/wp\/v2\/product"}],"about":[{"href":"https:\/\/emailroot.com\/en\/wp-json\/wp\/v2\/types\/product"}],"replies":[{"embeddable":true,"href":"https:\/\/emailroot.com\/en\/wp-json\/wp\/v2\/comments?post=329"}],"wp:attachment":[{"href":"https:\/\/emailroot.com\/en\/wp-json\/wp\/v2\/media?parent=329"}],"wp:term":[{"taxonomy":"product_cat","embeddable":true,"href":"https:\/\/emailroot.com\/en\/wp-json\/wp\/v2\/product_cat?post=329"},{"taxonomy":"product_tag","embeddable":true,"href":"https:\/\/emailroot.com\/en\/wp-json\/wp\/v2\/product_tag?post=329"}],"curies":[{"name":"wp","href":"https:\/\/api.w.org\/{rel}","templated":true}]}}