{"id":582,"date":"2022-07-13T15:24:43","date_gmt":"2022-07-13T13:24:43","guid":{"rendered":"https:\/\/emailroot.com\/produit\/vps-haute-frequence-1-vcpu-1-gb-ssd-disque-1-gb-ram-1-gb-bande-passante-2\/"},"modified":"2022-07-14T09:46:13","modified_gmt":"2022-07-14T07:46:13","slug":"vps-haute-frequence-1-vcpu-1-gb-ssd-disque-1-gb-ram-1-gb-bande-passante-2","status":"publish","type":"product","link":"https:\/\/emailroot.com\/es\/product\/vps-haute-frequence-1-vcpu-1-gb-ssd-disque-1-gb-ram-1-gb-bande-passante-2\/","title":{"rendered":"VPS de alta frecuencia: 1 vCPU | Disco SSD de 1 GB | 1 GB de RAM | 1 GB de ancho de banda"},"content":{"rendered":"<p>22<\/p>","protected":false},"excerpt":{"rendered":"<p>22<\/p>","protected":false},"featured_media":0,"comment_status":"open","ping_status":"closed","template":"","meta":[],"product_cat":[21],"product_tag":[],"class_list":["post-582","product","type-product","status-publish","hentry","product_cat-vps"],"yoast_head":"<!-- This site is optimized with the Yoast SEO plugin v19.1 - https:\/\/yoast.com\/wordpress\/plugins\/seo\/ -->\n<title>VPS Haute fr\u00e9quence : 1 vCPU | 1 GB SSD Disque | 1 GB RAM | 1 GB Bande passante - eMailRoot<\/title>\n<meta name=\"robots\" content=\"index, follow, max-snippet:-1, max-image-preview:large, max-video-preview:-1\" \/>\n<link rel=\"canonical\" href=\"https:\/\/emailroot.com\/es\/product\/vps-haute-frequence-1-vcpu-1-gb-ssd-disque-1-gb-ram-1-gb-bande-passante-2\/\" \/>\n<meta property=\"og:locale\" content=\"es_ES\" \/>\n<meta property=\"og:type\" content=\"article\" \/>\n<meta property=\"og:title\" content=\"VPS Haute fr\u00e9quence : 1 vCPU | 1 GB SSD Disque | 1 GB RAM | 1 GB Bande passante - eMailRoot\" \/>\n<meta property=\"og:description\" content=\"22\" \/>\n<meta property=\"og:url\" content=\"https:\/\/emailroot.com\/es\/product\/vps-haute-frequence-1-vcpu-1-gb-ssd-disque-1-gb-ram-1-gb-bande-passante-2\/\" \/>\n<meta property=\"og:site_name\" content=\"eMailRoot\" \/>\n<meta property=\"article:publisher\" content=\"https:\/\/www.facebook.com\/emailroot\" \/>\n<meta property=\"article:modified_time\" content=\"2022-07-14T07:46:13+00:00\" \/>\n<meta name=\"twitter:card\" content=\"summary_large_image\" \/>\n<script type=\"application\/ld+json\" class=\"yoast-schema-graph\">{\"@context\":\"https:\/\/schema.org\",\"@graph\":[{\"@type\":\"Organization\",\"@id\":\"https:\/\/emailroot.com\/#organization\",\"name\":\"Emailroot\",\"url\":\"https:\/\/emailroot.com\/\",\"sameAs\":[\"https:\/\/www.instagram.com\/emailrootcom\/\",\"https:\/\/www.facebook.com\/emailroot\"],\"logo\":{\"@type\":\"ImageObject\",\"inLanguage\":\"es\",\"@id\":\"https:\/\/emailroot.com\/#\/schema\/logo\/image\/\",\"url\":\"https:\/\/emailroot.com\/wp-content\/uploads\/2022\/06\/logo-1.png\",\"contentUrl\":\"https:\/\/emailroot.com\/wp-content\/uploads\/2022\/06\/logo-1.png\",\"width\":185,\"height\":28,\"caption\":\"Emailroot\"},\"image\":{\"@id\":\"https:\/\/emailroot.com\/#\/schema\/logo\/image\/\"}},{\"@type\":\"WebSite\",\"@id\":\"https:\/\/emailroot.com\/#website\",\"url\":\"https:\/\/emailroot.com\/\",\"name\":\"eMailRoot\",\"description\":\"Serveur SMTP d\u00e9di\u00e9 illimit\u00e9\",\"publisher\":{\"@id\":\"https:\/\/emailroot.com\/#organization\"},\"potentialAction\":[{\"@type\":\"SearchAction\",\"target\":{\"@type\":\"EntryPoint\",\"urlTemplate\":\"https:\/\/emailroot.com\/?s={search_term_string}\"},\"query-input\":\"required name=search_term_string\"}],\"inLanguage\":\"es\"},{\"@type\":\"WebPage\",\"@id\":\"https:\/\/emailroot.com\/produit\/vps-haute-frequence-1-vcpu-1-gb-ssd-disque-1-gb-ram-1-gb-bande-passante-2\/#webpage\",\"url\":\"https:\/\/emailroot.com\/produit\/vps-haute-frequence-1-vcpu-1-gb-ssd-disque-1-gb-ram-1-gb-bande-passante-2\/\",\"name\":\"VPS Haute fr\u00e9quence : 1 vCPU | 1 GB SSD Disque | 1 GB RAM | 1 GB Bande passante - eMailRoot\",\"isPartOf\":{\"@id\":\"https:\/\/emailroot.com\/#website\"},\"datePublished\":\"2022-07-13T13:24:43+00:00\",\"dateModified\":\"2022-07-14T07:46:13+00:00\",\"breadcrumb\":{\"@id\":\"https:\/\/emailroot.com\/produit\/vps-haute-frequence-1-vcpu-1-gb-ssd-disque-1-gb-ram-1-gb-bande-passante-2\/#breadcrumb\"},\"inLanguage\":\"es\",\"potentialAction\":[{\"@type\":\"ReadAction\",\"target\":[\"https:\/\/emailroot.com\/produit\/vps-haute-frequence-1-vcpu-1-gb-ssd-disque-1-gb-ram-1-gb-bande-passante-2\/\"]}]},{\"@type\":\"BreadcrumbList\",\"@id\":\"https:\/\/emailroot.com\/produit\/vps-haute-frequence-1-vcpu-1-gb-ssd-disque-1-gb-ram-1-gb-bande-passante-2\/#breadcrumb\",\"itemListElement\":[{\"@type\":\"ListItem\",\"position\":1,\"name\":\"Accueil\",\"item\":\"https:\/\/emailroot.com\/\"},{\"@type\":\"ListItem\",\"position\":2,\"name\":\"Boutique\",\"item\":\"https:\/\/emailroot.com\/boutique\/\"},{\"@type\":\"ListItem\",\"position\":3,\"name\":\"VPS Haute fr\u00e9quence : 1 vCPU | 1 GB SSD Disque | 1 GB RAM | 1 GB Bande passante\"}]}]}<\/script>\n<!-- \/ Yoast SEO plugin. -->","yoast_head_json":{"title":"VPS Haute fr\u00e9quence : 1 vCPU | 1 GB SSD Disque | 1 GB RAM | 1 GB Bande passante - eMailRoot","robots":{"index":"index","follow":"follow","max-snippet":"max-snippet:-1","max-image-preview":"max-image-preview:large","max-video-preview":"max-video-preview:-1"},"canonical":"https:\/\/emailroot.com\/es\/product\/vps-haute-frequence-1-vcpu-1-gb-ssd-disque-1-gb-ram-1-gb-bande-passante-2\/","og_locale":"es_ES","og_type":"article","og_title":"VPS Haute fr\u00e9quence : 1 vCPU | 1 GB SSD Disque | 1 GB RAM | 1 GB Bande passante - eMailRoot","og_description":"22","og_url":"https:\/\/emailroot.com\/es\/product\/vps-haute-frequence-1-vcpu-1-gb-ssd-disque-1-gb-ram-1-gb-bande-passante-2\/","og_site_name":"eMailRoot","article_publisher":"https:\/\/www.facebook.com\/emailroot","article_modified_time":"2022-07-14T07:46:13+00:00","twitter_card":"summary_large_image","schema":{"@context":"https:\/\/schema.org","@graph":[{"@type":"Organization","@id":"https:\/\/emailroot.com\/#organization","name":"Emailroot","url":"https:\/\/emailroot.com\/","sameAs":["https:\/\/www.instagram.com\/emailrootcom\/","https:\/\/www.facebook.com\/emailroot"],"logo":{"@type":"ImageObject","inLanguage":"es","@id":"https:\/\/emailroot.com\/#\/schema\/logo\/image\/","url":"https:\/\/emailroot.com\/wp-content\/uploads\/2022\/06\/logo-1.png","contentUrl":"https:\/\/emailroot.com\/wp-content\/uploads\/2022\/06\/logo-1.png","width":185,"height":28,"caption":"Emailroot"},"image":{"@id":"https:\/\/emailroot.com\/#\/schema\/logo\/image\/"}},{"@type":"WebSite","@id":"https:\/\/emailroot.com\/#website","url":"https:\/\/emailroot.com\/","name":"eMailRoot","description":"Serveur SMTP d\u00e9di\u00e9 illimit\u00e9","publisher":{"@id":"https:\/\/emailroot.com\/#organization"},"potentialAction":[{"@type":"SearchAction","target":{"@type":"EntryPoint","urlTemplate":"https:\/\/emailroot.com\/?s={search_term_string}"},"query-input":"required name=search_term_string"}],"inLanguage":"es"},{"@type":"WebPage","@id":"https:\/\/emailroot.com\/produit\/vps-haute-frequence-1-vcpu-1-gb-ssd-disque-1-gb-ram-1-gb-bande-passante-2\/#webpage","url":"https:\/\/emailroot.com\/produit\/vps-haute-frequence-1-vcpu-1-gb-ssd-disque-1-gb-ram-1-gb-bande-passante-2\/","name":"VPS Haute fr\u00e9quence : 1 vCPU | 1 GB SSD Disque | 1 GB RAM | 1 GB Bande passante - eMailRoot","isPartOf":{"@id":"https:\/\/emailroot.com\/#website"},"datePublished":"2022-07-13T13:24:43+00:00","dateModified":"2022-07-14T07:46:13+00:00","breadcrumb":{"@id":"https:\/\/emailroot.com\/produit\/vps-haute-frequence-1-vcpu-1-gb-ssd-disque-1-gb-ram-1-gb-bande-passante-2\/#breadcrumb"},"inLanguage":"es","potentialAction":[{"@type":"ReadAction","target":["https:\/\/emailroot.com\/produit\/vps-haute-frequence-1-vcpu-1-gb-ssd-disque-1-gb-ram-1-gb-bande-passante-2\/"]}]},{"@type":"BreadcrumbList","@id":"https:\/\/emailroot.com\/produit\/vps-haute-frequence-1-vcpu-1-gb-ssd-disque-1-gb-ram-1-gb-bande-passante-2\/#breadcrumb","itemListElement":[{"@type":"ListItem","position":1,"name":"Accueil","item":"https:\/\/emailroot.com\/"},{"@type":"ListItem","position":2,"name":"Boutique","item":"https:\/\/emailroot.com\/boutique\/"},{"@type":"ListItem","position":3,"name":"VPS Haute fr\u00e9quence : 1 vCPU | 1 GB SSD Disque | 1 GB RAM | 1 GB Bande passante"}]}]}},"_links":{"self":[{"href":"https:\/\/emailroot.com\/es\/wp-json\/wp\/v2\/product\/582","targetHints":{"allow":["GET"]}}],"collection":[{"href":"https:\/\/emailroot.com\/es\/wp-json\/wp\/v2\/product"}],"about":[{"href":"https:\/\/emailroot.com\/es\/wp-json\/wp\/v2\/types\/product"}],"replies":[{"embeddable":true,"href":"https:\/\/emailroot.com\/es\/wp-json\/wp\/v2\/comments?post=582"}],"wp:attachment":[{"href":"https:\/\/emailroot.com\/es\/wp-json\/wp\/v2\/media?parent=582"}],"wp:term":[{"taxonomy":"product_cat","embeddable":true,"href":"https:\/\/emailroot.com\/es\/wp-json\/wp\/v2\/product_cat?post=582"},{"taxonomy":"product_tag","embeddable":true,"href":"https:\/\/emailroot.com\/es\/wp-json\/wp\/v2\/product_tag?post=582"}],"curies":[{"name":"wp","href":"https:\/\/api.w.org\/{rel}","templated":true}]}}