{"id":174,"date":"2022-05-30T15:30:40","date_gmt":"2022-05-30T14:30:40","guid":{"rendered":"https:\/\/emailroot.com\/?post_type=product&#038;p=174"},"modified":"2022-07-15T06:22:07","modified_gmt":"2022-07-15T04:22:07","slug":"serveur-smtp-adresse-ip-dedie-forfait-mensuel-renouvellement","status":"publish","type":"product","link":"https:\/\/emailroot.com\/it\/product\/serveur-smtp-adresse-ip-dedie-forfait-mensuel-renouvellement\/","title":{"rendered":"Server SMTP \u2013 Indirizzo IP dedicato \u2013 Piano mensile \u2013 Rinnovo"},"content":{"rendered":"","protected":false},"excerpt":{"rendered":"","protected":false},"featured_media":105,"comment_status":"open","ping_status":"closed","template":"","meta":[],"product_cat":[17,23],"product_tag":[],"class_list":["post-174","product","type-product","status-publish","has-post-thumbnail","hentry","product_cat-non-classe","product_cat-option-smtp","product_shipping_class-mise-en-service-gratuit"],"yoast_head":"<!-- This site is optimized with the Yoast SEO plugin v19.1 - https:\/\/yoast.com\/wordpress\/plugins\/seo\/ -->\n<title>Serveur SMTP - Adresse IP d\u00e9di\u00e9 - Forfait mensuel - Renouvellement - eMailRoot<\/title>\n<meta name=\"robots\" content=\"index, follow, max-snippet:-1, max-image-preview:large, max-video-preview:-1\" \/>\n<link rel=\"canonical\" href=\"https:\/\/emailroot.com\/it\/product\/serveur-smtp-adresse-ip-dedie-forfait-mensuel-renouvellement\/\" \/>\n<meta property=\"og:locale\" content=\"it_IT\" \/>\n<meta property=\"og:type\" content=\"article\" \/>\n<meta property=\"og:title\" content=\"Serveur SMTP - Adresse IP d\u00e9di\u00e9 - Forfait mensuel - Renouvellement - eMailRoot\" \/>\n<meta property=\"og:url\" content=\"https:\/\/emailroot.com\/it\/product\/serveur-smtp-adresse-ip-dedie-forfait-mensuel-renouvellement\/\" \/>\n<meta property=\"og:site_name\" content=\"eMailRoot\" \/>\n<meta property=\"article:publisher\" content=\"https:\/\/www.facebook.com\/emailroot\" \/>\n<meta property=\"article:modified_time\" content=\"2022-07-15T04:22:07+00:00\" \/>\n<meta property=\"og:image\" content=\"https:\/\/emailroot.com\/wp-content\/uploads\/2022\/02\/7825-1.png\" \/>\n\t<meta property=\"og:image:width\" content=\"960\" \/>\n\t<meta property=\"og:image:height\" content=\"960\" \/>\n\t<meta property=\"og:image:type\" content=\"image\/png\" \/>\n<meta name=\"twitter:card\" content=\"summary_large_image\" \/>\n<script type=\"application\/ld+json\" class=\"yoast-schema-graph\">{\"@context\":\"https:\/\/schema.org\",\"@graph\":[{\"@type\":\"Organization\",\"@id\":\"https:\/\/emailroot.com\/#organization\",\"name\":\"Emailroot\",\"url\":\"https:\/\/emailroot.com\/\",\"sameAs\":[\"https:\/\/www.instagram.com\/emailrootcom\/\",\"https:\/\/www.facebook.com\/emailroot\"],\"logo\":{\"@type\":\"ImageObject\",\"inLanguage\":\"it-IT\",\"@id\":\"https:\/\/emailroot.com\/#\/schema\/logo\/image\/\",\"url\":\"https:\/\/emailroot.com\/wp-content\/uploads\/2022\/06\/logo-1.png\",\"contentUrl\":\"https:\/\/emailroot.com\/wp-content\/uploads\/2022\/06\/logo-1.png\",\"width\":185,\"height\":28,\"caption\":\"Emailroot\"},\"image\":{\"@id\":\"https:\/\/emailroot.com\/#\/schema\/logo\/image\/\"}},{\"@type\":\"WebSite\",\"@id\":\"https:\/\/emailroot.com\/#website\",\"url\":\"https:\/\/emailroot.com\/\",\"name\":\"eMailRoot\",\"description\":\"Serveur SMTP d\u00e9di\u00e9 illimit\u00e9\",\"publisher\":{\"@id\":\"https:\/\/emailroot.com\/#organization\"},\"potentialAction\":[{\"@type\":\"SearchAction\",\"target\":{\"@type\":\"EntryPoint\",\"urlTemplate\":\"https:\/\/emailroot.com\/?s={search_term_string}\"},\"query-input\":\"required name=search_term_string\"}],\"inLanguage\":\"it-IT\"},{\"@type\":\"ImageObject\",\"inLanguage\":\"it-IT\",\"@id\":\"https:\/\/emailroot.com\/produit\/serveur-smtp-adresse-ip-dedie-forfait-mensuel-renouvellement\/#primaryimage\",\"url\":\"https:\/\/emailroot.com\/wp-content\/uploads\/2022\/02\/7825-1.png\",\"contentUrl\":\"https:\/\/emailroot.com\/wp-content\/uploads\/2022\/02\/7825-1.png\",\"width\":960,\"height\":960},{\"@type\":\"WebPage\",\"@id\":\"https:\/\/emailroot.com\/produit\/serveur-smtp-adresse-ip-dedie-forfait-mensuel-renouvellement\/#webpage\",\"url\":\"https:\/\/emailroot.com\/produit\/serveur-smtp-adresse-ip-dedie-forfait-mensuel-renouvellement\/\",\"name\":\"Serveur SMTP - Adresse IP d\u00e9di\u00e9 - Forfait mensuel - Renouvellement - eMailRoot\",\"isPartOf\":{\"@id\":\"https:\/\/emailroot.com\/#website\"},\"primaryImageOfPage\":{\"@id\":\"https:\/\/emailroot.com\/produit\/serveur-smtp-adresse-ip-dedie-forfait-mensuel-renouvellement\/#primaryimage\"},\"datePublished\":\"2022-05-30T14:30:40+00:00\",\"dateModified\":\"2022-07-15T04:22:07+00:00\",\"breadcrumb\":{\"@id\":\"https:\/\/emailroot.com\/produit\/serveur-smtp-adresse-ip-dedie-forfait-mensuel-renouvellement\/#breadcrumb\"},\"inLanguage\":\"it-IT\",\"potentialAction\":[{\"@type\":\"ReadAction\",\"target\":[\"https:\/\/emailroot.com\/produit\/serveur-smtp-adresse-ip-dedie-forfait-mensuel-renouvellement\/\"]}]},{\"@type\":\"BreadcrumbList\",\"@id\":\"https:\/\/emailroot.com\/produit\/serveur-smtp-adresse-ip-dedie-forfait-mensuel-renouvellement\/#breadcrumb\",\"itemListElement\":[{\"@type\":\"ListItem\",\"position\":1,\"name\":\"Accueil\",\"item\":\"https:\/\/emailroot.com\/\"},{\"@type\":\"ListItem\",\"position\":2,\"name\":\"Boutique\",\"item\":\"https:\/\/emailroot.com\/boutique\/\"},{\"@type\":\"ListItem\",\"position\":3,\"name\":\"Serveur SMTP &#8211; Adresse IP d\u00e9di\u00e9 &#8211; Forfait mensuel &#8211; Renouvellement\"}]}]}<\/script>\n<!-- \/ Yoast SEO plugin. -->","yoast_head_json":{"title":"Serveur SMTP - Adresse IP d\u00e9di\u00e9 - Forfait mensuel - Renouvellement - eMailRoot","robots":{"index":"index","follow":"follow","max-snippet":"max-snippet:-1","max-image-preview":"max-image-preview:large","max-video-preview":"max-video-preview:-1"},"canonical":"https:\/\/emailroot.com\/it\/product\/serveur-smtp-adresse-ip-dedie-forfait-mensuel-renouvellement\/","og_locale":"it_IT","og_type":"article","og_title":"Serveur SMTP - Adresse IP d\u00e9di\u00e9 - Forfait mensuel - Renouvellement - eMailRoot","og_url":"https:\/\/emailroot.com\/it\/product\/serveur-smtp-adresse-ip-dedie-forfait-mensuel-renouvellement\/","og_site_name":"eMailRoot","article_publisher":"https:\/\/www.facebook.com\/emailroot","article_modified_time":"2022-07-15T04:22:07+00:00","og_image":[{"width":960,"height":960,"url":"https:\/\/emailroot.com\/wp-content\/uploads\/2022\/02\/7825-1.png","type":"image\/png"}],"twitter_card":"summary_large_image","schema":{"@context":"https:\/\/schema.org","@graph":[{"@type":"Organization","@id":"https:\/\/emailroot.com\/#organization","name":"Emailroot","url":"https:\/\/emailroot.com\/","sameAs":["https:\/\/www.instagram.com\/emailrootcom\/","https:\/\/www.facebook.com\/emailroot"],"logo":{"@type":"ImageObject","inLanguage":"it-IT","@id":"https:\/\/emailroot.com\/#\/schema\/logo\/image\/","url":"https:\/\/emailroot.com\/wp-content\/uploads\/2022\/06\/logo-1.png","contentUrl":"https:\/\/emailroot.com\/wp-content\/uploads\/2022\/06\/logo-1.png","width":185,"height":28,"caption":"Emailroot"},"image":{"@id":"https:\/\/emailroot.com\/#\/schema\/logo\/image\/"}},{"@type":"WebSite","@id":"https:\/\/emailroot.com\/#website","url":"https:\/\/emailroot.com\/","name":"eMailRoot","description":"Serveur SMTP d\u00e9di\u00e9 illimit\u00e9","publisher":{"@id":"https:\/\/emailroot.com\/#organization"},"potentialAction":[{"@type":"SearchAction","target":{"@type":"EntryPoint","urlTemplate":"https:\/\/emailroot.com\/?s={search_term_string}"},"query-input":"required name=search_term_string"}],"inLanguage":"it-IT"},{"@type":"ImageObject","inLanguage":"it-IT","@id":"https:\/\/emailroot.com\/produit\/serveur-smtp-adresse-ip-dedie-forfait-mensuel-renouvellement\/#primaryimage","url":"https:\/\/emailroot.com\/wp-content\/uploads\/2022\/02\/7825-1.png","contentUrl":"https:\/\/emailroot.com\/wp-content\/uploads\/2022\/02\/7825-1.png","width":960,"height":960},{"@type":"WebPage","@id":"https:\/\/emailroot.com\/produit\/serveur-smtp-adresse-ip-dedie-forfait-mensuel-renouvellement\/#webpage","url":"https:\/\/emailroot.com\/produit\/serveur-smtp-adresse-ip-dedie-forfait-mensuel-renouvellement\/","name":"Serveur SMTP - Adresse IP d\u00e9di\u00e9 - Forfait mensuel - Renouvellement - eMailRoot","isPartOf":{"@id":"https:\/\/emailroot.com\/#website"},"primaryImageOfPage":{"@id":"https:\/\/emailroot.com\/produit\/serveur-smtp-adresse-ip-dedie-forfait-mensuel-renouvellement\/#primaryimage"},"datePublished":"2022-05-30T14:30:40+00:00","dateModified":"2022-07-15T04:22:07+00:00","breadcrumb":{"@id":"https:\/\/emailroot.com\/produit\/serveur-smtp-adresse-ip-dedie-forfait-mensuel-renouvellement\/#breadcrumb"},"inLanguage":"it-IT","potentialAction":[{"@type":"ReadAction","target":["https:\/\/emailroot.com\/produit\/serveur-smtp-adresse-ip-dedie-forfait-mensuel-renouvellement\/"]}]},{"@type":"BreadcrumbList","@id":"https:\/\/emailroot.com\/produit\/serveur-smtp-adresse-ip-dedie-forfait-mensuel-renouvellement\/#breadcrumb","itemListElement":[{"@type":"ListItem","position":1,"name":"Accueil","item":"https:\/\/emailroot.com\/"},{"@type":"ListItem","position":2,"name":"Boutique","item":"https:\/\/emailroot.com\/boutique\/"},{"@type":"ListItem","position":3,"name":"Serveur SMTP &#8211; Adresse IP d\u00e9di\u00e9 &#8211; Forfait mensuel &#8211; Renouvellement"}]}]}},"_links":{"self":[{"href":"https:\/\/emailroot.com\/it\/wp-json\/wp\/v2\/product\/174","targetHints":{"allow":["GET"]}}],"collection":[{"href":"https:\/\/emailroot.com\/it\/wp-json\/wp\/v2\/product"}],"about":[{"href":"https:\/\/emailroot.com\/it\/wp-json\/wp\/v2\/types\/product"}],"replies":[{"embeddable":true,"href":"https:\/\/emailroot.com\/it\/wp-json\/wp\/v2\/comments?post=174"}],"wp:featuredmedia":[{"embeddable":true,"href":"https:\/\/emailroot.com\/it\/wp-json\/wp\/v2\/media\/105"}],"wp:attachment":[{"href":"https:\/\/emailroot.com\/it\/wp-json\/wp\/v2\/media?parent=174"}],"wp:term":[{"taxonomy":"product_cat","embeddable":true,"href":"https:\/\/emailroot.com\/it\/wp-json\/wp\/v2\/product_cat?post=174"},{"taxonomy":"product_tag","embeddable":true,"href":"https:\/\/emailroot.com\/it\/wp-json\/wp\/v2\/product_tag?post=174"}],"curies":[{"name":"wp","href":"https:\/\/api.w.org\/{rel}","templated":true}]}}